{"id":14,"date":"2024-09-24T18:30:35","date_gmt":"2024-09-24T18:30:35","guid":{"rendered":"https:\/\/gomeandr.ch\/?page_id=14"},"modified":"2024-09-25T17:14:32","modified_gmt":"2024-09-25T17:14:32","slug":"home","status":"publish","type":"page","link":"https:\/\/gomeandr.ch\/fr\/","title":{"rendered":"<p>Accueil<\/p>"},"content":{"rendered":"<p><!-- d751713988987e9331980363e24189ce --><p>Sp\u00e9cialiste innovant de l'apprentissage en ligne ayant fait ses preuves dans la cr\u00e9ation de programmes \u00e9ducatifs en ligne attrayants et efficaces. Il se concentre actuellement sur la transition vers un r\u00f4le de concepteur p\u00e9dagogique afin de tirer parti de sa vaste exp\u00e9rience en mati\u00e8re de tutorat, de soutien administratif et de gestion de programmes. Expertise d\u00e9montr\u00e9e dans l'\u00e9laboration de programmes d'\u00e9tudes, la gestion de projets \u00e9ducatifs et l'optimisation d'exp\u00e9riences d'apprentissage pour divers publics. Adepte de l'utilisation de la technologie pour am\u00e9liorer les r\u00e9sultats d'apprentissage et favoriser l'engagement des \u00e9tudiants. Ses pr\u00e9c\u00e9dentes fonctions comprennent le tutorat \u00e0 l'\u00c9tat du Valais, le personnel de soutien, l'assistant de voyage et l'agent de soutien, ainsi que le vice-pr\u00e9sident des programmes d'\u00e9change, qui ont tous permis d'am\u00e9liorer les comp\u00e9tences en mati\u00e8re de communication, d'organisation et de collaboration au sein d'une \u00e9quipe.<\/p><\/p>","protected":false},"excerpt":{"rendered":"<p>Sp\u00e9cialiste innovant de l'apprentissage en ligne ayant fait ses preuves dans la cr\u00e9ation de programmes \u00e9ducatifs en ligne attrayants et efficaces. Il se concentre actuellement sur la transition vers un r\u00f4le de concepteur p\u00e9dagogique afin de tirer parti de sa vaste exp\u00e9rience en mati\u00e8re de tutorat, de soutien administratif et de gestion de programmes. Vous avez d\u00e9montr\u00e9 votre expertise dans l'\u00e9laboration de programmes d'\u00e9tudes, la gestion de projets \u00e9ducatifs et l'optimisation d'exp\u00e9riences d'apprentissage pour divers publics. Adepte de l'utilisation de la technologie...<p><a class=\"read-more\" href=\"https:\/\/gomeandr.ch\/fr\/\">Lire la suite<\/a><\/p><\/p>","protected":false},"author":1,"featured_media":1050,"parent":0,"menu_order":0,"comment_status":"closed","ping_status":"closed","template":"page-templates\/template-kerge-vcard-new.php","meta":{"footnotes":""},"class_list":["post-14","page","type-page","status-publish","has-post-thumbnail","hentry","odd"],"yoast_head":"<!-- This site is optimized with the Yoast SEO plugin v24.7 - https:\/\/yoast.com\/wordpress\/plugins\/seo\/ -->\n<title>Home - Andr\u00e9s Gomez<\/title>\n<meta name=\"description\" content=\"Versatile and results-driven professional with a strong background in E-learning and management.\" \/>\n<meta name=\"robots\" content=\"index, follow, max-snippet:-1, max-image-preview:large, max-video-preview:-1\" \/>\n<link rel=\"canonical\" href=\"https:\/\/gomeandr.ch\/fr\/\" \/>\n<meta property=\"og:locale\" content=\"fr_FR\" \/>\n<meta property=\"og:type\" content=\"article\" \/>\n<meta property=\"og:title\" content=\"Andr\u00e9s Gomez\" \/>\n<meta property=\"og:description\" content=\"Andr\u00e9s Gomez\" \/>\n<meta property=\"og:url\" content=\"https:\/\/gomeandr.ch\/fr\/\" \/>\n<meta property=\"og:site_name\" content=\"Andr\u00e9s Gomez\" \/>\n<meta property=\"article:modified_time\" content=\"2024-09-25T17:14:32+00:00\" \/>\n<meta property=\"og:image\" content=\"https:\/\/i0.wp.com\/gomeandr.ch\/wp-content\/uploads\/2021\/02\/computer-scaled.jpg?fit=2560%2C1703&ssl=1\" \/>\n\t<meta property=\"og:image:width\" content=\"2560\" \/>\n\t<meta property=\"og:image:height\" content=\"1703\" \/>\n\t<meta property=\"og:image:type\" content=\"image\/jpeg\" \/>\n<meta name=\"twitter:card\" content=\"summary_large_image\" \/>\n<meta name=\"twitter:title\" content=\"Andr\u00e9s Gomez\" \/>\n<meta name=\"twitter:image\" content=\"https:\/\/gomeandr.ch\/wp-content\/uploads\/2021\/02\/computer-scaled.jpg\" \/>\n<meta name=\"twitter:label1\" content=\"Dur\u00e9e de lecture estim\u00e9e\" \/>\n\t<meta name=\"twitter:data1\" content=\"1 minute\" \/>\n<script type=\"application\/ld+json\" class=\"yoast-schema-graph\">{\"@context\":\"https:\/\/schema.org\",\"@graph\":[{\"@type\":\"WebPage\",\"@id\":\"https:\/\/gomeandr.ch\/\",\"url\":\"https:\/\/gomeandr.ch\/\",\"name\":\"Home - Andr\u00e9s Gomez\",\"isPartOf\":{\"@id\":\"https:\/\/gomeandr.ch\/fr\/#website\"},\"primaryImageOfPage\":{\"@id\":\"https:\/\/gomeandr.ch\/#primaryimage\"},\"image\":{\"@id\":\"https:\/\/gomeandr.ch\/#primaryimage\"},\"thumbnailUrl\":\"https:\/\/gomeandr.ch\/wp-content\/uploads\/2021\/02\/cropped-mySelf-e1618579508275.png\",\"datePublished\":\"2024-09-24T18:30:35+00:00\",\"dateModified\":\"2024-09-25T17:14:32+00:00\",\"description\":\"Versatile and results-driven professional with a strong background in E-learning and management.\",\"breadcrumb\":{\"@id\":\"https:\/\/gomeandr.ch\/#breadcrumb\"},\"inLanguage\":\"fr-FR\",\"potentialAction\":[{\"@type\":\"ReadAction\",\"target\":[\"https:\/\/gomeandr.ch\/\"]}]},{\"@type\":\"ImageObject\",\"inLanguage\":\"fr-FR\",\"@id\":\"https:\/\/gomeandr.ch\/#primaryimage\",\"url\":\"https:\/\/gomeandr.ch\/wp-content\/uploads\/2021\/02\/cropped-mySelf-e1618579508275.png\",\"contentUrl\":\"https:\/\/gomeandr.ch\/wp-content\/uploads\/2021\/02\/cropped-mySelf-e1618579508275.png\",\"width\":512,\"height\":512},{\"@type\":\"BreadcrumbList\",\"@id\":\"https:\/\/gomeandr.ch\/#breadcrumb\",\"itemListElement\":[{\"@type\":\"ListItem\",\"position\":1,\"name\":\"Home\",\"item\":\"https:\/\/gomeandr.ch\/\"},{\"@type\":\"ListItem\",\"position\":2,\"name\":\"Home\"}]},{\"@type\":\"WebSite\",\"@id\":\"https:\/\/gomeandr.ch\/fr\/#website\",\"url\":\"https:\/\/gomeandr.ch\/fr\/\",\"name\":\"Gomeandr\",\"description\":\"Carte de visite\",\"potentialAction\":[{\"@type\":\"SearchAction\",\"target\":{\"@type\":\"EntryPoint\",\"urlTemplate\":\"https:\/\/gomeandr.ch\/fr\/?s={search_term_string}\"},\"query-input\":{\"@type\":\"PropertyValueSpecification\",\"valueRequired\":true,\"valueName\":\"search_term_string\"}}],\"inLanguage\":\"fr-FR\"}]}<\/script>\n<!-- \/ Yoast SEO plugin. -->","yoast_head_json":{"title":"Home - Andr\u00e9s Gomez","description":"Versatile and results-driven professional with a strong background in E-learning and management.","robots":{"index":"index","follow":"follow","max-snippet":"max-snippet:-1","max-image-preview":"max-image-preview:large","max-video-preview":"max-video-preview:-1"},"canonical":"https:\/\/gomeandr.ch\/fr\/","og_locale":"fr_FR","og_type":"article","og_title":"Andr\u00e9s Gomez","og_description":"Andr\u00e9s Gomez","og_url":"https:\/\/gomeandr.ch\/fr\/","og_site_name":"Andr\u00e9s Gomez","article_modified_time":"2024-09-25T17:14:32+00:00","og_image":[{"width":2560,"height":1703,"url":"https:\/\/i0.wp.com\/gomeandr.ch\/wp-content\/uploads\/2021\/02\/computer-scaled.jpg?fit=2560%2C1703&ssl=1","type":"image\/jpeg"}],"twitter_card":"summary_large_image","twitter_title":"Andr\u00e9s Gomez","twitter_image":"https:\/\/gomeandr.ch\/wp-content\/uploads\/2021\/02\/computer-scaled.jpg","twitter_misc":{"Dur\u00e9e de lecture estim\u00e9e":"1 minute"},"schema":{"@context":"https:\/\/schema.org","@graph":[{"@type":"WebPage","@id":"https:\/\/gomeandr.ch\/","url":"https:\/\/gomeandr.ch\/","name":"Home - Andr\u00e9s Gomez","isPartOf":{"@id":"https:\/\/gomeandr.ch\/fr\/#website"},"primaryImageOfPage":{"@id":"https:\/\/gomeandr.ch\/#primaryimage"},"image":{"@id":"https:\/\/gomeandr.ch\/#primaryimage"},"thumbnailUrl":"https:\/\/gomeandr.ch\/wp-content\/uploads\/2021\/02\/cropped-mySelf-e1618579508275.png","datePublished":"2024-09-24T18:30:35+00:00","dateModified":"2024-09-25T17:14:32+00:00","description":"Versatile and results-driven professional with a strong background in E-learning and management.","breadcrumb":{"@id":"https:\/\/gomeandr.ch\/#breadcrumb"},"inLanguage":"fr-FR","potentialAction":[{"@type":"ReadAction","target":["https:\/\/gomeandr.ch\/"]}]},{"@type":"ImageObject","inLanguage":"fr-FR","@id":"https:\/\/gomeandr.ch\/#primaryimage","url":"https:\/\/gomeandr.ch\/wp-content\/uploads\/2021\/02\/cropped-mySelf-e1618579508275.png","contentUrl":"https:\/\/gomeandr.ch\/wp-content\/uploads\/2021\/02\/cropped-mySelf-e1618579508275.png","width":512,"height":512},{"@type":"BreadcrumbList","@id":"https:\/\/gomeandr.ch\/#breadcrumb","itemListElement":[{"@type":"ListItem","position":1,"name":"Home","item":"https:\/\/gomeandr.ch\/"},{"@type":"ListItem","position":2,"name":"Home"}]},{"@type":"WebSite","@id":"https:\/\/gomeandr.ch\/fr\/#website","url":"https:\/\/gomeandr.ch\/fr\/","name":"Gomeandr","description":"Carte de visite","potentialAction":[{"@type":"SearchAction","target":{"@type":"EntryPoint","urlTemplate":"https:\/\/gomeandr.ch\/fr\/?s={search_term_string}"},"query-input":{"@type":"PropertyValueSpecification","valueRequired":true,"valueName":"search_term_string"}}],"inLanguage":"fr-FR"}]}},"jetpack_sharing_enabled":true,"_links":{"self":[{"href":"https:\/\/gomeandr.ch\/fr\/wp-json\/wp\/v2\/pages\/14"}],"collection":[{"href":"https:\/\/gomeandr.ch\/fr\/wp-json\/wp\/v2\/pages"}],"about":[{"href":"https:\/\/gomeandr.ch\/fr\/wp-json\/wp\/v2\/types\/page"}],"author":[{"embeddable":true,"href":"https:\/\/gomeandr.ch\/fr\/wp-json\/wp\/v2\/users\/1"}],"replies":[{"embeddable":true,"href":"https:\/\/gomeandr.ch\/fr\/wp-json\/wp\/v2\/comments?post=14"}],"version-history":[{"count":0,"href":"https:\/\/gomeandr.ch\/fr\/wp-json\/wp\/v2\/pages\/14\/revisions"}],"wp:featuredmedia":[{"embeddable":true,"href":"https:\/\/gomeandr.ch\/fr\/wp-json\/wp\/v2\/media\/1050"}],"wp:attachment":[{"href":"https:\/\/gomeandr.ch\/fr\/wp-json\/wp\/v2\/media?parent=14"}],"curies":[{"name":"wp","href":"https:\/\/api.w.org\/{rel}","templated":true}]}}