{"id":1199,"date":"2024-09-25T11:30:59","date_gmt":"2024-09-25T11:30:59","guid":{"rendered":"https:\/\/gomeandr.ch\/?page_id=1199"},"modified":"2024-09-25T18:21:36","modified_gmt":"2024-09-25T18:21:36","slug":"competencies","status":"publish","type":"page","link":"https:\/\/gomeandr.ch\/fr\/competencies\/","title":{"rendered":"<p>Comp\u00e9tences et langues<\/p>"},"content":{"rendered":"<section class=\"fw-main-row\">\n\t<div class=\"fw-container\">\n\t\t<div class=\"row\">\n\t\r\n\r\n<div class=\"col-xs-12 col-sm-6 color:#0288d1\">\r\n    <div id=\"col_inner_id-69f32b55a38fa\" class=\"fw-col-inner\" data-paddings=\"0px 0px 0px 0px\">\r\n\t\t\n\t<div class=\"block-title fw-skills-title\">\n\t\t<h3>Comp\u00e9tences<\/h3>\n\t<\/div>\n\n<div id=\"skills-69f32b55a39b1\" class=\"skills-info skills-first-style\">\n\t\t\t\t\t\t<h4>Comp\u00e9tences techniques<\/h4>                               \n\t\t\t<div id=\"skill-810a04f392e8e408bd5990b8d1ffcab2\" data-value=\"95\" data-color=\"#ffc107\" class=\"skill-container\">\n\t\t\t\t<div class=\"skill-percentage\"><\/div>\n\t\t\t<\/div>\n\t\t\t\t\t\t\t\t<h4>Adaptabilit\u00e9 et apprentissage continu<\/h4>                               \n\t\t\t<div id=\"skill-3f9d6e26ef976041608c48015ea00ab2\" data-value=\"95\" data-color=\"#ffcd38\" class=\"skill-container\">\n\t\t\t\t<div class=\"skill-percentage\"><\/div>\n\t\t\t<\/div>\n\t\t\t\t\t\t\t\t<h4>Connaissances p\u00e9dagogiques<\/h4>                               \n\t\t\t<div id=\"skill-4feeac8f4e9ff140df14a51c695635d7\" data-value=\"90\" data-color=\"#ffc107\" class=\"skill-container\">\n\t\t\t\t<div class=\"skill-percentage\"><\/div>\n\t\t\t<\/div>\n\t\t\t\t\t\t\t\t<h4>Analyse des donn\u00e9es<\/h4>                               \n\t\t\t<div id=\"skill-4982b09e2469f953ce56c59fa2d6e5e2\" data-value=\"90\" data-color=\"#ffcd38\" class=\"skill-container\">\n\t\t\t\t<div class=\"skill-percentage\"><\/div>\n\t\t\t<\/div>\n\t\t\t\t\t\t\t\t<h4>Conception de l'exp\u00e9rience utilisateur (UX)<\/h4>                               \n\t\t\t<div id=\"skill-95287e53d4a9e2405b2c8d1c1506eb22\" data-value=\"85\" data-color=\"#ffcd38\" class=\"skill-container\">\n\t\t\t\t<div class=\"skill-percentage\"><\/div>\n\t\t\t<\/div>\n\t\t\t\t\t\t\t\t<h4>Comp\u00e9tences en mati\u00e8re de communication<\/h4>                               \n\t\t\t<div id=\"skill-7555881dd84b0aec3a3c96f0ecb25967\" data-value=\"80\" data-color=\"#ffcd38\" class=\"skill-container\">\n\t\t\t\t<div class=\"skill-percentage\"><\/div>\n\t\t\t<\/div>\n\t\t\t\t\t\t\t\t<h4>Gestion de projet<\/h4>                               \n\t\t\t<div id=\"skill-acebe6c782b117699fa6001c780e8a6b\" data-value=\"75\" data-color=\"#ffc107\" class=\"skill-container\">\n\t\t\t\t<div class=\"skill-percentage\"><\/div>\n\t\t\t<\/div>\n\t\t\t<\/div>\n\t<div class=\"fw-divider-line\"><hr><\/div>\n\n\n\t<div class=\"block-title fw-skills-title\">\n\t\t<h3>Comp\u00e9tences de codage<\/h3>\n\t<\/div>\n\n<div id=\"skills-69f32b55a3a7b\" class=\"skills-info skills-first-style\">\n\t\t\t\t\t\t<h4>API<\/h4>                               \n\t\t\t<div id=\"skill-c78aded0d377844c9816c725a5fc7567\" data-value=\"85\" data-color=\"#009688\" class=\"skill-container\">\n\t\t\t\t<div class=\"skill-percentage\"><\/div>\n\t\t\t<\/div>\n\t\t\t\t\t\t\t\t<h4>LLMS ET IA<\/h4>                               \n\t\t\t<div id=\"skill-f4b06f34782a0b537b08ebbd571291c9\" data-value=\"80\" data-color=\"#009688\" class=\"skill-container\">\n\t\t\t\t<div class=\"skill-percentage\"><\/div>\n\t\t\t<\/div>\n\t\t\t\t\t\t\t\t<h4>Python<\/h4>                               \n\t\t\t<div id=\"skill-46bcfcc7b1edf93255525d3a3249f963\" data-value=\"85\" data-color=\"#009688\" class=\"skill-container\">\n\t\t\t\t<div class=\"skill-percentage\"><\/div>\n\t\t\t<\/div>\n\t\t\t\t\t\t\t\t<h4>HTML \/ CSS<\/h4>                               \n\t\t\t<div id=\"skill-d9463e5f0a24d672eeef77870568f031\" data-value=\"85\" data-color=\"#009688\" class=\"skill-container\">\n\t\t\t\t<div class=\"skill-percentage\"><\/div>\n\t\t\t<\/div>\n\t\t\t\t\t\t\t\t<h4>Bootstrap<\/h4>                               \n\t\t\t<div id=\"skill-6eb0b97f3c0d181a4c0f427e37639110\" data-value=\"80\" data-color=\"#009688\" class=\"skill-container\">\n\t\t\t\t<div class=\"skill-percentage\"><\/div>\n\t\t\t<\/div>\n\t\t\t\t\t\t\t\t<h4>JavaScript<\/h4>                               \n\t\t\t<div id=\"skill-ffc0c0eb95eca18bf4c6ff0a75020adf\" data-value=\"50\" data-color=\"#009688\" class=\"skill-container\">\n\t\t\t\t<div class=\"skill-percentage\"><\/div>\n\t\t\t<\/div>\n\t\t\t<\/div>\n\t<\/div>\r\n<\/div>\r\n\r\n\r\n<div class=\"col-xs-12 col-sm-6\">\r\n    <div id=\"col_inner_id-69f32b55a3ae6\" class=\"fw-col-inner\" data-paddings=\"0px 0px 0px 0px\">\r\n\t\t\n\t<div class=\"block-title fw-skills-title\">\n\t\t<h3>Langues<\/h3>\n\t<\/div>\n\n<div id=\"skills-69f32b55a3b3b\" class=\"skills-info skills-first-style\">\n\t\t\t\t\t\t<h4>Fran\u00e7ais<\/h4>                               \n\t\t\t<div id=\"skill-db92aee5d572c705559b7cbfb7b131b9\" data-value=\"100\" data-color=\"#0288d1\" class=\"skill-container\">\n\t\t\t\t<div class=\"skill-percentage\"><\/div>\n\t\t\t<\/div>\n\t\t\t\t\t\t\t\t<h4>Anglais<\/h4>                               \n\t\t\t<div id=\"skill-7f5bc14326824ccee0952b11cf12612a\" data-value=\"100\" data-color=\"#0288d1\" class=\"skill-container\">\n\t\t\t\t<div class=\"skill-percentage\"><\/div>\n\t\t\t<\/div>\n\t\t\t\t\t\t\t\t<h4>Italien<\/h4>                               \n\t\t\t<div id=\"skill-243d4b58d03d80ccea2e9446fd110bbb\" data-value=\"90\" data-color=\"#0099e5\" class=\"skill-container\">\n\t\t\t\t<div class=\"skill-percentage\"><\/div>\n\t\t\t<\/div>\n\t\t\t\t\t\t\t\t<h4>Allemand<\/h4>                               \n\t\t\t<div id=\"skill-bf94510a12a01c7957d4ed147c9aa580\" data-value=\"80\" data-color=\"#0288d1\" class=\"skill-container\">\n\t\t\t\t<div class=\"skill-percentage\"><\/div>\n\t\t\t<\/div>\n\t\t\t\t\t\t\t\t<h4>Espagnol<\/h4>                               \n\t\t\t<div id=\"skill-ae54ed8b03c44b28773cccc5cb67ad62\" data-value=\"75\" data-color=\"#0288d1\" class=\"skill-container\">\n\t\t\t\t<div class=\"skill-percentage\"><\/div>\n\t\t\t<\/div>\n\t\t\t<\/div>\n\t<div class=\"fw-divider-line\"><hr><\/div>\n\n\t<\/div>\r\n<\/div>\r\n<\/div>\n\n<div class=\"row\">\n\t\r\n\r\n<div class=\"col-xs-12 col-sm-4\">\r\n    <div id=\"col_inner_id-69f32b55a3bff\" class=\"fw-col-inner\" data-paddings=\"0px 0px 0px 0px\">\r\n\t\t\t<\/div>\r\n<\/div>\r\n\r\n\r\n<div class=\"col-xs-12 col-sm-6\">\r\n    <div id=\"col_inner_id-69f32b55a3c26\" class=\"fw-col-inner\" data-paddings=\"0px 0px 0px 0px\">\r\n\t\t\t<\/div>\r\n<\/div>\r\n<\/div>\n\n\t<\/div>\n<\/section>","protected":false},"excerpt":{"rendered":"<p>Comp\u00e9tences Comp\u00e9tences techniques Adaptabilit\u00e9 et apprentissage continu Connaissances p\u00e9dagogiques Analyse de donn\u00e9es Exp\u00e9rience utilisateur (UX) Conception Comp\u00e9tences en communication Gestion de projet Comp\u00e9tences en codage API LLMS &amp; AI Python HTML \/ CSS Bootstrap JavaScript Langues Fran\u00e7ais Anglais Italien Allemand Espagnol<\/p>","protected":false},"author":1,"featured_media":0,"parent":0,"menu_order":0,"comment_status":"closed","ping_status":"closed","template":"","meta":{"footnotes":""},"class_list":["post-1199","page","type-page","status-publish","hentry","odd"],"yoast_head":"<!-- This site is optimized with the Yoast SEO plugin v24.7 - https:\/\/yoast.com\/wordpress\/plugins\/seo\/ -->\n<title>Competencies &amp; Languages - Andr\u00e9s Gomez<\/title>\n<meta name=\"robots\" content=\"index, follow, max-snippet:-1, max-image-preview:large, max-video-preview:-1\" \/>\n<link rel=\"canonical\" href=\"https:\/\/gomeandr.ch\/fr\/competencies\/\" \/>\n<meta property=\"og:locale\" content=\"fr_FR\" \/>\n<meta property=\"og:type\" content=\"article\" \/>\n<meta property=\"og:title\" content=\"Competencies &amp; Languages - Andr\u00e9s Gomez\" \/>\n<meta property=\"og:description\" content=\"Competencies Technical Proficiency Adaptability and Continuous Learning Pedagogical Knowledge Data Analysis User Experience (UX) Design Communication Skills Project Management Coding Skills API LLMS &amp; AI Python HTML \/ CSS Bootstrap JavaScript Languages French English Italian German Spanish\" \/>\n<meta property=\"og:url\" content=\"https:\/\/gomeandr.ch\/fr\/competencies\/\" \/>\n<meta property=\"og:site_name\" content=\"Andr\u00e9s Gomez\" \/>\n<meta property=\"article:modified_time\" content=\"2024-09-25T18:21:36+00:00\" \/>\n<meta name=\"twitter:card\" content=\"summary_large_image\" \/>\n<meta name=\"twitter:label1\" content=\"Dur\u00e9e de lecture estim\u00e9e\" \/>\n\t<meta name=\"twitter:data1\" content=\"1 minute\" \/>\n<script type=\"application\/ld+json\" class=\"yoast-schema-graph\">{\"@context\":\"https:\/\/schema.org\",\"@graph\":[{\"@type\":\"WebPage\",\"@id\":\"https:\/\/gomeandr.ch\/competencies\/\",\"url\":\"https:\/\/gomeandr.ch\/competencies\/\",\"name\":\"Competencies &amp; Languages - Andr\u00e9s Gomez\",\"isPartOf\":{\"@id\":\"https:\/\/gomeandr.ch\/fr\/#website\"},\"datePublished\":\"2024-09-25T11:30:59+00:00\",\"dateModified\":\"2024-09-25T18:21:36+00:00\",\"breadcrumb\":{\"@id\":\"https:\/\/gomeandr.ch\/competencies\/#breadcrumb\"},\"inLanguage\":\"fr-FR\",\"potentialAction\":[{\"@type\":\"ReadAction\",\"target\":[\"https:\/\/gomeandr.ch\/competencies\/\"]}]},{\"@type\":\"BreadcrumbList\",\"@id\":\"https:\/\/gomeandr.ch\/competencies\/#breadcrumb\",\"itemListElement\":[{\"@type\":\"ListItem\",\"position\":1,\"name\":\"Home\",\"item\":\"https:\/\/gomeandr.ch\/\"},{\"@type\":\"ListItem\",\"position\":2,\"name\":\"Competencies &amp; Languages\"}]},{\"@type\":\"WebSite\",\"@id\":\"https:\/\/gomeandr.ch\/fr\/#website\",\"url\":\"https:\/\/gomeandr.ch\/fr\/\",\"name\":\"Gomeandr\",\"description\":\"Carte de visite\",\"potentialAction\":[{\"@type\":\"SearchAction\",\"target\":{\"@type\":\"EntryPoint\",\"urlTemplate\":\"https:\/\/gomeandr.ch\/fr\/?s={search_term_string}\"},\"query-input\":{\"@type\":\"PropertyValueSpecification\",\"valueRequired\":true,\"valueName\":\"search_term_string\"}}],\"inLanguage\":\"fr-FR\"}]}<\/script>\n<!-- \/ Yoast SEO plugin. -->","yoast_head_json":{"title":"Competencies &amp; Languages - Andr\u00e9s Gomez","robots":{"index":"index","follow":"follow","max-snippet":"max-snippet:-1","max-image-preview":"max-image-preview:large","max-video-preview":"max-video-preview:-1"},"canonical":"https:\/\/gomeandr.ch\/fr\/competencies\/","og_locale":"fr_FR","og_type":"article","og_title":"Competencies &amp; Languages - Andr\u00e9s Gomez","og_description":"Competencies Technical Proficiency Adaptability and Continuous Learning Pedagogical Knowledge Data Analysis User Experience (UX) Design Communication Skills Project Management Coding Skills API LLMS &amp; AI Python HTML \/ CSS Bootstrap JavaScript Languages French English Italian German Spanish","og_url":"https:\/\/gomeandr.ch\/fr\/competencies\/","og_site_name":"Andr\u00e9s Gomez","article_modified_time":"2024-09-25T18:21:36+00:00","twitter_card":"summary_large_image","twitter_misc":{"Dur\u00e9e de lecture estim\u00e9e":"1 minute"},"schema":{"@context":"https:\/\/schema.org","@graph":[{"@type":"WebPage","@id":"https:\/\/gomeandr.ch\/competencies\/","url":"https:\/\/gomeandr.ch\/competencies\/","name":"Competencies &amp; Languages - Andr\u00e9s Gomez","isPartOf":{"@id":"https:\/\/gomeandr.ch\/fr\/#website"},"datePublished":"2024-09-25T11:30:59+00:00","dateModified":"2024-09-25T18:21:36+00:00","breadcrumb":{"@id":"https:\/\/gomeandr.ch\/competencies\/#breadcrumb"},"inLanguage":"fr-FR","potentialAction":[{"@type":"ReadAction","target":["https:\/\/gomeandr.ch\/competencies\/"]}]},{"@type":"BreadcrumbList","@id":"https:\/\/gomeandr.ch\/competencies\/#breadcrumb","itemListElement":[{"@type":"ListItem","position":1,"name":"Home","item":"https:\/\/gomeandr.ch\/"},{"@type":"ListItem","position":2,"name":"Competencies &amp; Languages"}]},{"@type":"WebSite","@id":"https:\/\/gomeandr.ch\/fr\/#website","url":"https:\/\/gomeandr.ch\/fr\/","name":"Gomeandr","description":"Carte de visite","potentialAction":[{"@type":"SearchAction","target":{"@type":"EntryPoint","urlTemplate":"https:\/\/gomeandr.ch\/fr\/?s={search_term_string}"},"query-input":{"@type":"PropertyValueSpecification","valueRequired":true,"valueName":"search_term_string"}}],"inLanguage":"fr-FR"}]}},"jetpack_sharing_enabled":true,"_links":{"self":[{"href":"https:\/\/gomeandr.ch\/fr\/wp-json\/wp\/v2\/pages\/1199"}],"collection":[{"href":"https:\/\/gomeandr.ch\/fr\/wp-json\/wp\/v2\/pages"}],"about":[{"href":"https:\/\/gomeandr.ch\/fr\/wp-json\/wp\/v2\/types\/page"}],"author":[{"embeddable":true,"href":"https:\/\/gomeandr.ch\/fr\/wp-json\/wp\/v2\/users\/1"}],"replies":[{"embeddable":true,"href":"https:\/\/gomeandr.ch\/fr\/wp-json\/wp\/v2\/comments?post=1199"}],"version-history":[{"count":0,"href":"https:\/\/gomeandr.ch\/fr\/wp-json\/wp\/v2\/pages\/1199\/revisions"}],"wp:attachment":[{"href":"https:\/\/gomeandr.ch\/fr\/wp-json\/wp\/v2\/media?parent=1199"}],"curies":[{"name":"wp","href":"https:\/\/api.w.org\/{rel}","templated":true}]}}